{"id":8966,"date":"2026-01-14T08:41:38","date_gmt":"2026-01-14T08:41:38","guid":{"rendered":"https:\/\/rscj-jpic.acck2.fr\/artesano-de-la-paz\/"},"modified":"2026-03-14T11:00:15","modified_gmt":"2026-03-14T11:00:15","slug":"artesanos-de-la-paz","status":"publish","type":"page","link":"https:\/\/rscj-jpic.org\/es\/artesanos-de-la-paz\/","title":{"rendered":"Artesanos de la Paz"},"content":{"rendered":"<div class=\"fusion-fullwidth fullwidth-box fusion-builder-row-1 fusion-flex-container has-pattern-background has-mask-background nonhundred-percent-fullwidth non-hundred-percent-height-scrolling\" style=\"--awb-border-radius-top-left:0px;--awb-border-radius-top-right:0px;--awb-border-radius-bottom-right:0px;--awb-border-radius-bottom-left:0px;--awb-flex-wrap:wrap;\" ><div class=\"fusion-builder-row fusion-row fusion-flex-align-items-flex-start fusion-flex-justify-content-center fusion-flex-content-wrap\" style=\"max-width:1248px;margin-left: calc(-4% \/ 2 );margin-right: calc(-4% \/ 2 );\"><div class=\"fusion-layout-column fusion_builder_column fusion-builder-column-0 fusion_builder_column_1_2 1_2 fusion-flex-column\" style=\"--awb-bg-size:cover;--awb-width-large:50%;--awb-margin-top-large:0px;--awb-spacing-right-large:3.84%;--awb-margin-bottom-large:20px;--awb-spacing-left-large:3.84%;--awb-width-medium:50%;--awb-order-medium:0;--awb-spacing-right-medium:3.84%;--awb-spacing-left-medium:3.84%;--awb-width-small:100%;--awb-order-small:0;--awb-spacing-right-small:1.92%;--awb-spacing-left-small:1.92%;\"><div class=\"fusion-column-wrapper fusion-column-has-shadow fusion-flex-justify-content-flex-start fusion-content-layout-column\"><div class=\"fusion-image-element \" style=\"--awb-caption-title-font-family:var(--h2_typography-font-family);--awb-caption-title-font-weight:var(--h2_typography-font-weight);--awb-caption-title-font-style:var(--h2_typography-font-style);--awb-caption-title-size:var(--h2_typography-font-size);--awb-caption-title-transform:var(--h2_typography-text-transform);--awb-caption-title-line-height:var(--h2_typography-line-height);--awb-caption-title-letter-spacing:var(--h2_typography-letter-spacing);\"><span class=\" fusion-imageframe imageframe-none imageframe-1 hover-type-none\"><img decoding=\"async\" width=\"605\" height=\"855\" title=\"artisan of peace\" src=\"https:\/\/rscj-jpic.org\/wp-content\/uploads\/2026\/01\/artisan-of-peace.png\" alt class=\"img-responsive wp-image-9248\" srcset=\"https:\/\/rscj-jpic.org\/wp-content\/uploads\/2026\/01\/artisan-of-peace-200x283.png 200w, https:\/\/rscj-jpic.org\/wp-content\/uploads\/2026\/01\/artisan-of-peace-400x565.png 400w, https:\/\/rscj-jpic.org\/wp-content\/uploads\/2026\/01\/artisan-of-peace-600x848.png 600w, https:\/\/rscj-jpic.org\/wp-content\/uploads\/2026\/01\/artisan-of-peace.png 605w\" sizes=\"(max-width: 640px) 100vw, 600px\" \/><\/span><\/div><\/div><\/div><div class=\"fusion-layout-column fusion_builder_column fusion-builder-column-1 fusion_builder_column_1_2 1_2 fusion-flex-column\" style=\"--awb-bg-size:cover;--awb-width-large:50%;--awb-margin-top-large:0px;--awb-spacing-right-large:3.84%;--awb-margin-bottom-large:20px;--awb-spacing-left-large:3.84%;--awb-width-medium:50%;--awb-order-medium:0;--awb-spacing-right-medium:3.84%;--awb-spacing-left-medium:3.84%;--awb-width-small:100%;--awb-order-small:0;--awb-spacing-right-small:1.92%;--awb-spacing-left-small:1.92%;\"><div class=\"fusion-column-wrapper fusion-column-has-shadow fusion-flex-justify-content-flex-start fusion-content-layout-column\"><div class=\"fusion-text fusion-text-1\" style=\"--awb-content-alignment:justify;\"><p>Artesanos de la Paz es una iniciativa de consolidaci\u00f3n de la paz que se desarrollar\u00e1 desde septiembre de 2026 hasta mayo de 2027 en toda la familia internacional del Sagrado Coraz\u00f3n. El proyecto tiene como objetivo fortalecer las habilidades para la consolidaci\u00f3n de la paz, capacitar a los futuros defensores de la paz y fomentar las conexiones entre las RSCJ, las escuelas y las iniciativas de educaci\u00f3n popular en todo el mundo. Estamos haciendo especial hincapi\u00e9 en la participaci\u00f3n de las escuelas del Sagrado Coraz\u00f3n y las estructuras de educaci\u00f3n popular para ayudar a formar a la pr\u00f3xima generaci\u00f3n de Artesanos de la Paz.<\/p>\n<p>Para convertirte en <b>\u00abEmbajador de la paz\u00bb<\/b> (y compartir los recursos), reg\u00edstrate en el enlace :<\/p>\n<\/div><div class=\"fusion-builder-row fusion-builder-row-inner fusion-row fusion-flex-align-items-flex-start fusion-flex-justify-content-center fusion-flex-content-wrap\" style=\"width:104% !important;max-width:104% !important;margin-left: calc(-4% \/ 2 );margin-right: calc(-4% \/ 2 );\"><div class=\"fusion-layout-column fusion_builder_column_inner fusion-builder-nested-column-0 fusion_builder_column_inner_1_2 1_2 fusion-flex-column\" style=\"--awb-bg-size:cover;--awb-width-large:50%;--awb-margin-top-large:0px;--awb-spacing-right-large:3.84%;--awb-margin-bottom-large:20px;--awb-spacing-left-large:3.84%;--awb-width-medium:50%;--awb-order-medium:0;--awb-spacing-right-medium:3.84%;--awb-spacing-left-medium:3.84%;--awb-width-small:100%;--awb-order-small:0;--awb-spacing-right-small:1.92%;--awb-spacing-left-small:1.92%;\"><div class=\"fusion-column-wrapper fusion-column-has-shadow fusion-flex-justify-content-flex-start fusion-content-layout-column\"><div class=\"fusion-text fusion-text-2\"><p><span class=\"HwtZe\" lang=\"es\"><span class=\"jCAhz ChMk0b\"><span class=\"ryNqvb\"><strong>Escuelas<\/strong> <\/span><\/span><\/span><\/p>\n<p><span class=\"HwtZe\" lang=\"es\"><span class=\"jCAhz ChMk0b\"><span class=\"ryNqvb\"><br \/>\n<a href=\"https:\/\/docs.google.com\/forms\/d\/e\/1FAIpQLSeN0tldUi5jnlhQj0RXESpeuYdio4ZCkPkOwf4mmdzws7sabg\/viewform?usp=header\">Enlace al formulario de inscripci\u00f3n<\/a><\/p>\n<p><\/span><\/span><\/span><\/p>\n<\/div><\/div><\/div><div class=\"fusion-layout-column fusion_builder_column_inner fusion-builder-nested-column-1 fusion_builder_column_inner_1_2 1_2 fusion-flex-column\" style=\"--awb-bg-size:cover;--awb-width-large:50%;--awb-margin-top-large:0px;--awb-spacing-right-large:3.84%;--awb-margin-bottom-large:20px;--awb-spacing-left-large:3.84%;--awb-width-medium:50%;--awb-order-medium:0;--awb-spacing-right-medium:3.84%;--awb-spacing-left-medium:3.84%;--awb-width-small:100%;--awb-order-small:0;--awb-spacing-right-small:1.92%;--awb-spacing-left-small:1.92%;\"><div class=\"fusion-column-wrapper fusion-column-has-shadow fusion-flex-justify-content-flex-start fusion-content-layout-column\"><div class=\"fusion-text fusion-text-3\"><p><strong>Educaci\u00f3n Popular &amp; Rscj &amp; familia del Sagrado Corazon<\/strong><\/p>\n<p>\n<a href=\"https:\/\/docs.google.com\/forms\/d\/e\/1FAIpQLSeuJK4N1A0nnJXa7rL-vLlhbx1GSrf7dN_UhDUK01rSGzeG-Q\/viewform?usp=header\">Enlace al formulario de inscripci\u00f3n<\/a><\/p>\n<\/div><\/div><\/div><\/div><div class=\"fusion-separator fusion-full-width-sep\" style=\"align-self: center;margin-left: auto;margin-right: auto;margin-top:50px;width:100%;\"><\/div><div class=\"fusion-text fusion-text-4\"><p style=\"text-align: center;\"><strong>\u00a1Est\u00e9n atentos! Pronto publicaremos m\u00e1s noticias.<\/strong><\/p>\n<\/div><\/div><\/div><\/div><\/div>\n","protected":false},"excerpt":{"rendered":"","protected":false},"author":1,"featured_media":0,"parent":0,"menu_order":0,"comment_status":"closed","ping_status":"closed","template":"100-width.php","meta":{"_acf_changed":false,"_price":"","_stock":"","_tribe_ticket_header":"","_tribe_default_ticket_provider":"","_tribe_ticket_capacity":"0","_ticket_start_date":"","_ticket_end_date":"","_tribe_ticket_show_description":"","_tribe_ticket_show_not_going":false,"_tribe_ticket_use_global_stock":"","_tribe_ticket_global_stock_level":"","_global_stock_mode":"","_global_stock_cap":"","_tribe_rsvp_for_event":"","_tribe_ticket_going_count":"","_tribe_ticket_not_going_count":"","_tribe_tickets_list":"[]","_tribe_ticket_has_attendee_info_fields":false,"footnotes":"","_tec_slr_enabled":"","_tec_slr_layout":""},"class_list":["post-8966","page","type-page","status-publish","hentry"],"acf":[],"yoast_head":"<!-- This site is optimized with the Yoast SEO plugin v27.2 - https:\/\/yoast.com\/product\/yoast-seo-wordpress\/ -->\n<title>Artesanos de la Paz - JPIC Learning Hub<\/title>\n<meta name=\"robots\" content=\"index, follow, max-snippet:-1, max-image-preview:large, max-video-preview:-1\" \/>\n<link rel=\"canonical\" href=\"https:\/\/rscj-jpic.org\/es\/artesanos-de-la-paz\/\" \/>\n<meta property=\"og:locale\" content=\"es_ES\" \/>\n<meta property=\"og:type\" content=\"article\" \/>\n<meta property=\"og:title\" content=\"Artesanos de la Paz - JPIC Learning Hub\" \/>\n<meta property=\"og:url\" content=\"https:\/\/rscj-jpic.org\/es\/artesanos-de-la-paz\/\" \/>\n<meta property=\"og:site_name\" content=\"JPIC Learning Hub\" \/>\n<meta property=\"article:publisher\" content=\"https:\/\/www.facebook.com\/rscjpicinternational\/\" \/>\n<meta property=\"article:modified_time\" content=\"2026-03-14T11:00:15+00:00\" \/>\n<meta name=\"twitter:card\" content=\"summary_large_image\" \/>\n<meta name=\"twitter:label1\" content=\"Tiempo de lectura\" \/>\n\t<meta name=\"twitter:data1\" content=\"9 minutos\" \/>\n<script type=\"application\/ld+json\" class=\"yoast-schema-graph\">{\"@context\":\"https:\/\/schema.org\",\"@graph\":[{\"@type\":\"WebPage\",\"@id\":\"https:\/\/rscj-jpic.org\/es\/artesanos-de-la-paz\/\",\"url\":\"https:\/\/rscj-jpic.org\/es\/artesanos-de-la-paz\/\",\"name\":\"Artesanos de la Paz - JPIC Learning Hub\",\"isPartOf\":{\"@id\":\"https:\/\/rscj-jpic.org\/es\/#website\"},\"datePublished\":\"2026-01-14T08:41:38+00:00\",\"dateModified\":\"2026-03-14T11:00:15+00:00\",\"breadcrumb\":{\"@id\":\"https:\/\/rscj-jpic.org\/es\/artesanos-de-la-paz\/#breadcrumb\"},\"inLanguage\":\"es\",\"potentialAction\":[{\"@type\":\"ReadAction\",\"target\":[\"https:\/\/rscj-jpic.org\/es\/artesanos-de-la-paz\/\"]}]},{\"@type\":\"BreadcrumbList\",\"@id\":\"https:\/\/rscj-jpic.org\/es\/artesanos-de-la-paz\/#breadcrumb\",\"itemListElement\":[{\"@type\":\"ListItem\",\"position\":1,\"name\":\"Home\",\"item\":\"https:\/\/rscj-jpic.org\/\"},{\"@type\":\"ListItem\",\"position\":2,\"name\":\"Artesanos de la Paz\"}]},{\"@type\":\"WebSite\",\"@id\":\"https:\/\/rscj-jpic.org\/es\/#website\",\"url\":\"https:\/\/rscj-jpic.org\/es\/\",\"name\":\"JPIC Learning Hub\",\"description\":\"\",\"publisher\":{\"@id\":\"https:\/\/rscj-jpic.org\/es\/#organization\"},\"potentialAction\":[{\"@type\":\"SearchAction\",\"target\":{\"@type\":\"EntryPoint\",\"urlTemplate\":\"https:\/\/rscj-jpic.org\/es\/?s={search_term_string}\"},\"query-input\":{\"@type\":\"PropertyValueSpecification\",\"valueRequired\":true,\"valueName\":\"search_term_string\"}}],\"inLanguage\":\"es\"},{\"@type\":\"Organization\",\"@id\":\"https:\/\/rscj-jpic.org\/es\/#organization\",\"name\":\"JPIC\",\"url\":\"https:\/\/rscj-jpic.org\/es\/\",\"logo\":{\"@type\":\"ImageObject\",\"inLanguage\":\"es\",\"@id\":\"https:\/\/rscj-jpic.org\/es\/#\/schema\/logo\/image\/\",\"url\":\"https:\/\/rscj-jpic.org\/wp-content\/uploads\/2025\/10\/rscj-jpic-logo-recolorise.png\",\"contentUrl\":\"https:\/\/rscj-jpic.org\/wp-content\/uploads\/2025\/10\/rscj-jpic-logo-recolorise.png\",\"width\":125,\"height\":170,\"caption\":\"JPIC\"},\"image\":{\"@id\":\"https:\/\/rscj-jpic.org\/es\/#\/schema\/logo\/image\/\"},\"sameAs\":[\"https:\/\/www.facebook.com\/rscjpicinternational\/\"]}]}<\/script>\n<!-- \/ Yoast SEO plugin. -->","yoast_head_json":{"title":"Artesanos de la Paz - JPIC Learning Hub","robots":{"index":"index","follow":"follow","max-snippet":"max-snippet:-1","max-image-preview":"max-image-preview:large","max-video-preview":"max-video-preview:-1"},"canonical":"https:\/\/rscj-jpic.org\/es\/artesanos-de-la-paz\/","og_locale":"es_ES","og_type":"article","og_title":"Artesanos de la Paz - JPIC Learning Hub","og_url":"https:\/\/rscj-jpic.org\/es\/artesanos-de-la-paz\/","og_site_name":"JPIC Learning Hub","article_publisher":"https:\/\/www.facebook.com\/rscjpicinternational\/","article_modified_time":"2026-03-14T11:00:15+00:00","twitter_card":"summary_large_image","twitter_misc":{"Tiempo de lectura":"9 minutos"},"schema":{"@context":"https:\/\/schema.org","@graph":[{"@type":"WebPage","@id":"https:\/\/rscj-jpic.org\/es\/artesanos-de-la-paz\/","url":"https:\/\/rscj-jpic.org\/es\/artesanos-de-la-paz\/","name":"Artesanos de la Paz - JPIC Learning Hub","isPartOf":{"@id":"https:\/\/rscj-jpic.org\/es\/#website"},"datePublished":"2026-01-14T08:41:38+00:00","dateModified":"2026-03-14T11:00:15+00:00","breadcrumb":{"@id":"https:\/\/rscj-jpic.org\/es\/artesanos-de-la-paz\/#breadcrumb"},"inLanguage":"es","potentialAction":[{"@type":"ReadAction","target":["https:\/\/rscj-jpic.org\/es\/artesanos-de-la-paz\/"]}]},{"@type":"BreadcrumbList","@id":"https:\/\/rscj-jpic.org\/es\/artesanos-de-la-paz\/#breadcrumb","itemListElement":[{"@type":"ListItem","position":1,"name":"Home","item":"https:\/\/rscj-jpic.org\/"},{"@type":"ListItem","position":2,"name":"Artesanos de la Paz"}]},{"@type":"WebSite","@id":"https:\/\/rscj-jpic.org\/es\/#website","url":"https:\/\/rscj-jpic.org\/es\/","name":"JPIC Learning Hub","description":"","publisher":{"@id":"https:\/\/rscj-jpic.org\/es\/#organization"},"potentialAction":[{"@type":"SearchAction","target":{"@type":"EntryPoint","urlTemplate":"https:\/\/rscj-jpic.org\/es\/?s={search_term_string}"},"query-input":{"@type":"PropertyValueSpecification","valueRequired":true,"valueName":"search_term_string"}}],"inLanguage":"es"},{"@type":"Organization","@id":"https:\/\/rscj-jpic.org\/es\/#organization","name":"JPIC","url":"https:\/\/rscj-jpic.org\/es\/","logo":{"@type":"ImageObject","inLanguage":"es","@id":"https:\/\/rscj-jpic.org\/es\/#\/schema\/logo\/image\/","url":"https:\/\/rscj-jpic.org\/wp-content\/uploads\/2025\/10\/rscj-jpic-logo-recolorise.png","contentUrl":"https:\/\/rscj-jpic.org\/wp-content\/uploads\/2025\/10\/rscj-jpic-logo-recolorise.png","width":125,"height":170,"caption":"JPIC"},"image":{"@id":"https:\/\/rscj-jpic.org\/es\/#\/schema\/logo\/image\/"},"sameAs":["https:\/\/www.facebook.com\/rscjpicinternational\/"]}]}},"ticketed":false,"_links":{"self":[{"href":"https:\/\/rscj-jpic.org\/es\/wp-json\/wp\/v2\/pages\/8966","targetHints":{"allow":["GET"]}}],"collection":[{"href":"https:\/\/rscj-jpic.org\/es\/wp-json\/wp\/v2\/pages"}],"about":[{"href":"https:\/\/rscj-jpic.org\/es\/wp-json\/wp\/v2\/types\/page"}],"author":[{"embeddable":true,"href":"https:\/\/rscj-jpic.org\/es\/wp-json\/wp\/v2\/users\/1"}],"replies":[{"embeddable":true,"href":"https:\/\/rscj-jpic.org\/es\/wp-json\/wp\/v2\/comments?post=8966"}],"version-history":[{"count":8,"href":"https:\/\/rscj-jpic.org\/es\/wp-json\/wp\/v2\/pages\/8966\/revisions"}],"predecessor-version":[{"id":11163,"href":"https:\/\/rscj-jpic.org\/es\/wp-json\/wp\/v2\/pages\/8966\/revisions\/11163"}],"wp:attachment":[{"href":"https:\/\/rscj-jpic.org\/es\/wp-json\/wp\/v2\/media?parent=8966"}],"curies":[{"name":"wp","href":"https:\/\/api.w.org\/{rel}","templated":true}]}}